{"id":23799,"date":"2018-05-27T23:04:49","date_gmt":"2018-05-27T21:04:49","guid":{"rendered":"https:\/\/singold-destillerie.de\/shop\/singold-whisky-liqueur-30-vol\/"},"modified":"2018-05-27T23:04:49","modified_gmt":"2018-05-27T21:04:49","slug":"singold-whisky-liqueur-30-vol","status":"publish","type":"product","link":"https:\/\/singold-destillerie.de\/en\/produkt\/singold-whisky-liqueur-30-vol\/","title":{"rendered":"SinGold Whisky Liqueur 30% vol."},"content":{"rendered":"","protected":false},"excerpt":{"rendered":"<p><span data-sheets-value=\"{\"1\":2,\"2\":\"Aus einem Single-Malt, verfeinert mit Honig, besticht dieser Whisky-Lik\u00f6r mit seinem mild-s\u00fc\u00dfem Geschmack.\"}\" data-sheets-userformat=\"{\"2\":515,\"3\":[null,0],\"4\":[null,2,13689059],\"12\":0}\">Made from a single malt, refined with honey, this whisky liqueur impresses with its mild, sweet taste. 30%vol.<\/span><\/p>\n","protected":false},"featured_media":23511,"comment_status":"open","ping_status":"closed","template":"","meta":{"_acf_changed":false,"wds_primary_product_brand":0,"wds_primary_product_cat":0},"product_brand":[],"product_cat":[122,121],"product_tag":[],"class_list":{"0":"post-23799","1":"product","2":"type-product","3":"status-publish","4":"has-post-thumbnail","6":"product_cat-liqueur","7":"product_cat-whisky-en","9":"first","10":"instock","11":"taxable","12":"shipping-taxable","13":"purchasable","14":"product-type-simple"},"acf":[],"_links":{"self":[{"href":"https:\/\/singold-destillerie.de\/en\/wp-json\/wp\/v2\/product\/23799","targetHints":{"allow":["GET"]}}],"collection":[{"href":"https:\/\/singold-destillerie.de\/en\/wp-json\/wp\/v2\/product"}],"about":[{"href":"https:\/\/singold-destillerie.de\/en\/wp-json\/wp\/v2\/types\/product"}],"replies":[{"embeddable":true,"href":"https:\/\/singold-destillerie.de\/en\/wp-json\/wp\/v2\/comments?post=23799"}],"wp:featuredmedia":[{"embeddable":true,"href":"https:\/\/singold-destillerie.de\/en\/wp-json\/wp\/v2\/media\/23511"}],"wp:attachment":[{"href":"https:\/\/singold-destillerie.de\/en\/wp-json\/wp\/v2\/media?parent=23799"}],"wp:term":[{"taxonomy":"product_brand","embeddable":true,"href":"https:\/\/singold-destillerie.de\/en\/wp-json\/wp\/v2\/product_brand?post=23799"},{"taxonomy":"product_cat","embeddable":true,"href":"https:\/\/singold-destillerie.de\/en\/wp-json\/wp\/v2\/product_cat?post=23799"},{"taxonomy":"product_tag","embeddable":true,"href":"https:\/\/singold-destillerie.de\/en\/wp-json\/wp\/v2\/product_tag?post=23799"}],"curies":[{"name":"wp","href":"https:\/\/api.w.org\/{rel}","templated":true}]}}