{"id":23751,"date":"2015-07-22T00:04:30","date_gmt":"2015-07-21T22:04:30","guid":{"rendered":"https:\/\/singold-destillerie.de\/gin-whisky-rum-tastings-in-augsburg-book-online-and-enjoy-%e2%9c%93\/"},"modified":"2024-11-18T12:29:17","modified_gmt":"2024-11-18T11:29:17","slug":"gin-whisky-rum-tastings-in-augsburg-book-online-and-enjoy-%e2%9c%93","status":"publish","type":"page","link":"https:\/\/singold-destillerie.de\/en\/gin-whisky-rum-tastings-in-augsburg-book-online-and-enjoy-%e2%9c%93\/","title":{"rendered":"Gin, Whisky &amp; Rum Tasting&#8217;s in Augsburg &#8211; Book online and enjoy \u2713"},"content":{"rendered":"<p>\n<section id=\"tastings\" class=\"section bg-default has-header\">\n\n    <div class=\"container\"><div class=\"row\"><div class=\"col col-sm-6\"><\/p>\n<p>Do you love first-class culinary experiences? Discover the world of gin, whisky and rum at our tasting events in Augsburg. Book online now and experience unforgettable taste adventures!<\/p>\n<h2>Whisky tasting in Augsburg &#8211; Discover the magic of the golden pleasure.<\/h2>\n<p>In the experience distillery in Wehringen, near Augsburg, you have the opportunity to immerse yourself completely in the world of high-quality spirits, with all the comforts, rounded off with culinary creations from the Singold Restaurant. In the elegant ambience of our premises, with the distillery always in view, you can expect changing tastings of our whiskies and brandies. From time to time, we also give you the opportunity to get to know other manufacturers and their product ranges. Spend exciting, relaxing and enjoyable hours at the Singold distillery!<\/p>\n<p style=\"color: white;\">Discover the best online casinos in Luxembourg with the experts from <a style=\"color: white;\" href=\"https:\/\/casino-luxembourg10.com\/\">https:\/\/casino-luxembourg10.com\/<\/a>.<\/p>\n<p><\/div><div class=\"col col-sm-6\"><\/p>\n<h3>Dates:<\/h3>\n<p><strong><script>\n  if (typeof hasAmeliaEvent === 'undefined') {\n    var hasAmeliaEvent = true;\n  }\n  if (typeof hasEventApiCall === 'undefined' && ('' === '' && '' !== '1')) {\n    var hasEventApiCall = true;\n  }\n  var hasEventShortcode = (typeof hasEventShortcode === 'undefined') ? false : true;\n  var ameliaShortcodeData = (typeof ameliaShortcodeData === 'undefined') ? [] : ameliaShortcodeData;\n  ameliaShortcodeData.push(\n    {\n      'hasApiCall': (typeof hasEventApiCall !== 'undefined') && hasEventApiCall,\n      'trigger': '',\n      'trigger_type': '',\n      'triggered_form': 'elf',\n      'in_dialog': '',\n      'counter': '1000',\n      'employee': '',\n      'eventId': '',\n      'eventRecurring': 0,\n      'eventTag': \"\",\n      'locationId': \"\"\n    }\n  );\n  var ameliaShortcodeDataTriggered = (typeof ameliaShortcodeDataTriggered === 'undefined') ? [] : ameliaShortcodeDataTriggered;\n  if (ameliaShortcodeData[ameliaShortcodeData.length - 1].trigger !== '') {\n    if (ameliaShortcodeDataTriggered.filter(a => a.counter === ameliaShortcodeData[ameliaShortcodeData.length - 1].counter).length === 0) {\n      ameliaShortcodeDataTriggered.push(ameliaShortcodeData.pop());\n    } else {\n      ameliaShortcodeData.pop()\n    }\n  }\n  if (typeof hasEventApiCall !== 'undefined' && hasEventApiCall) {\n    hasEventApiCall = false;\n  }\n<\/script>\n\n<div\n  id=\"amelia-v2-booking-1000\"\n  class=\"amelia-v2-booking\"\n>\n    <events-list-form-wrapper><\/div>\n<\/strong> <\/div><\/div><\/div>\n<\/section> \n<section id=\"\" class=\"section bg-alter has-header\">\n\n    <div class=\"container\"><\/p>\n\r\n\r\n&#13;\n<h2 class=\"wp-block-heading\">Culinary highlights: Exquisite multi-course menus and tastings!<\/h2>&#13;\n\r\n\r\n\r\n<p>Our distillery in Wehringen near Augsburg not only offers a breathtaking event location, but also culinary delights and first-class tastings that will make your evening unforgettable. With our exquisite dishes and exclusive gin, rum and whisky tastings, we spoil you with a selection of delicious dishes and fine drinks.<\/p>\r\n<h3>Exklusive Gin-, Rum- und Whisky-Tastings<\/h3>\r\n<p>Our experts will guide you and your guests through an exquisite selection of gins, rums and whiskies, accompanied by exciting stories and interesting information about the fine wines. Many tastings are coordinated with a multi-course menu to guarantee a harmonious taste experience.<\/p>\r\n<h3>Frische &amp; regionale Zutaten in bester Qualit\u00e4t<\/h3>\r\n<p>When preparing our menus, we attach great importance to the quality and freshness of the ingredients. We source many of our products from local producers in the Augsburg area in order to offer you and your guests an authentic taste experience. Our seasonal menus always guarantee the highest quality and freshness.<\/p>\r\n<p>&nbsp;<\/p>\r\n\r\n<figure class=\"wp-block-gallery has-nested-images columns-default is-cropped wp-block-gallery-1 is-layout-flex wp-block-gallery-is-layout-flex\">&#13;\n<figure class=\"wp-block-image size-large\"><img decoding=\"async\" data-id=\"1658\" class=\"wp-image-1658\" src=\"https:\/\/singold-destillerie.de\/wp-content\/uploads\/2024\/07\/VORSPEISE_1080.jpg\"\/><\/figure>&#13;\n\r\n\r\n&#13;\n<figure class=\"wp-block-image size-large\"><img decoding=\"async\" data-id=\"21258\" class=\"wp-image-21258\" src=\"https:\/\/singold-destillerie.de\/wp-content\/uploads\/2024\/07\/HAUPTGANG_1080.jpg\" alt=\"\"\/><\/figure>&#13;\n\r\n\r\n&#13;\n<figure class=\"wp-block-image size-large\"><img decoding=\"async\" data-id=\"21253\" class=\"wp-image-21253\" src=\"https:\/\/singold-destillerie.de\/wp-content\/uploads\/2024\/07\/NACHTISCH_1080.jpg\" alt=\"\"\/><\/figure>&#13;\n<\/figure>\r\n\r\n<p>&nbsp;<\/p>\r\n<h3>Pr\u00e4sentation und Service auf hohem Niveau<\/h3>\r\n<p>In addition to taste, the presentation of the food also plays an important role. Our multi-course menus are prepared and served with great attention to detail to please the eye as much as the palate. Our professional service team ensures that every course is served smoothly and at the right time.<\/p>\r\n<h3>Showbrennen &amp; Brenner Workshops<\/h3>\r\n<p><div class=\"row\"><div class=\"col col-lg-12\">Whisky distilling is a science, but not necessarily a secret one. You can experience our show firing up close. The <a href=\"https:\/\/singold-destillerie.de\/en\/\">distillery<\/a> tour provides in-depth insights into production, <a href=\"https:\/\/singold-destillerie.de\/en\/whisky-barrel-for-at-home\/\">whisky barrel storage<\/a> and the function of a distillery, including a small tasting with the SinGold master distiller.  <\/div><\/div>\n<\/section> \n<section id=\"\" class=\"section bg-white has-header\">\n\n    <div class=\"container\"> <div class=\"col col-lg-12\"><\/p>\r\n\r\n<h2>Gin Tasting in Augsburg &#8211; Discover the world of flavors and botanicals.<\/h2>\r\n<p>Gin Tasting in Augsburg \u2013 einem Erlebnis, das Sie in die faszinierende Welt der Aromen und Botanicals entf\u00fchrt. Bei diesem einzigartigen Event haben Sie die Gelegenheit, die Vielfalt des Gins zu erkunden und Ihre Sinne zu verw\u00f6hnen. Unsere erfahrenen Gin-Experten f\u00fchren Sie durch eine sensorische Reise, bei der Sie verschiedene Ginsorten verkosten und deren charakteristische Aromen kennenlernen werden. Sie erfahren mehr \u00fcber die Herstellung von Gin, die Auswahl der Botanicals und die Kunst der Destillation. In einer entspannten und ansprechenden Atmosph\u00e4re k\u00f6nnen Sie Ihr Wissen \u00fcber Gin vertiefen und gleichzeitig neue Freunde kennenlernen, die Ihre Leidenschaft f\u00fcr dieses erlesene Getr\u00e4nk teilen. Unser Gin Tasting ist sowohl f\u00fcr Gin-Kenner als auch f\u00fcr Neulinge geeignet, da wir Ihnen grundlegende Informationen und faszinierende Einblicke bieten. G\u00f6nnen Sie sich eine Auszeit und erleben Sie die Welt der Aromen und Botanicals bei unserem Gin Tasting in Augsburg. Tauchen Sie ein in die Welt des Gins und genie\u00dfen Sie unvergessliche Momente in angenehmer Gesellschaft. Wir freuen uns darauf, Sie bei diesem besonderen Erlebnis begr\u00fc\u00dfen zu d\u00fcrfen.<\/p>\r\n<p>&nbsp;<\/p>\r\n\r\n<figure class=\"wp-block-gallery has-nested-images columns-default is-cropped wp-block-gallery-2 is-layout-flex wp-block-gallery-is-layout-flex\">&#13;\n<figure class=\"wp-block-image size-large\"><img decoding=\"async\" data-id=\"1658\" class=\"wp-image-1658\" src=\"https:\/\/singold-destillerie.de\/wp-content\/uploads\/2019\/05\/Singold-166-1024x683.jpg\" alt=\"Good food in a pleasant atmosphere\"\/><\/figure>&#13;\n\r\n\r\n&#13;\n<figure class=\"wp-block-image size-large\"><img loading=\"lazy\" decoding=\"async\" width=\"1024\" height=\"683\" data-id=\"21258\" class=\"wp-image-21258\" src=\"https:\/\/singold-destillerie.de\/wp-content\/uploads\/2021\/11\/image.jpeg\" alt=\"\" srcset=\"https:\/\/singold-destillerie.de\/wp-content\/uploads\/2021\/11\/image.jpeg 1024w, https:\/\/singold-destillerie.de\/wp-content\/uploads\/2021\/11\/image-300x200.jpeg 300w, https:\/\/singold-destillerie.de\/wp-content\/uploads\/2021\/11\/image-768x512.jpeg 768w, https:\/\/singold-destillerie.de\/wp-content\/uploads\/2021\/11\/image-360x240.jpeg 360w, https:\/\/singold-destillerie.de\/wp-content\/uploads\/2021\/11\/image-640x427.jpeg 640w, https:\/\/singold-destillerie.de\/wp-content\/uploads\/2021\/11\/image-800x534.jpeg 800w, https:\/\/singold-destillerie.de\/wp-content\/uploads\/2021\/11\/image-150x100.jpeg 150w\" sizes=\"auto, (max-width: 1024px) 100vw, 1024px\" \/><\/figure>&#13;\n\r\n\r\n&#13;\n<figure class=\"wp-block-image size-large\"><img loading=\"lazy\" decoding=\"async\" width=\"1024\" height=\"683\" data-id=\"21253\" class=\"wp-image-21253\" src=\"https:\/\/singold-destillerie.de\/wp-content\/uploads\/2021\/11\/Leinwand-1024x683.jpg\" alt=\"\" srcset=\"https:\/\/singold-destillerie.de\/wp-content\/uploads\/2021\/11\/Leinwand-1024x683.jpg 1024w, https:\/\/singold-destillerie.de\/wp-content\/uploads\/2021\/11\/Leinwand-300x200.jpg 300w, https:\/\/singold-destillerie.de\/wp-content\/uploads\/2021\/11\/Leinwand-768x512.jpg 768w, https:\/\/singold-destillerie.de\/wp-content\/uploads\/2021\/11\/Leinwand-1536x1024.jpg 1536w, https:\/\/singold-destillerie.de\/wp-content\/uploads\/2021\/11\/Leinwand-360x240.jpg 360w, https:\/\/singold-destillerie.de\/wp-content\/uploads\/2021\/11\/Leinwand-640x427.jpg 640w, https:\/\/singold-destillerie.de\/wp-content\/uploads\/2021\/11\/Leinwand-1280x854.jpg 1280w, https:\/\/singold-destillerie.de\/wp-content\/uploads\/2021\/11\/Leinwand-800x533.jpg 800w, https:\/\/singold-destillerie.de\/wp-content\/uploads\/2021\/11\/Leinwand-150x100.jpg 150w, https:\/\/singold-destillerie.de\/wp-content\/uploads\/2021\/11\/Leinwand.jpg 1900w\" sizes=\"auto, (max-width: 1024px) 100vw, 1024px\" \/><\/figure>&#13;\n\r\n\r\n&#13;\n<figure class=\"wp-block-image size-large\"><img loading=\"lazy\" decoding=\"async\" width=\"1024\" height=\"642\" data-id=\"21252\" class=\"wp-image-21252\" src=\"https:\/\/singold-destillerie.de\/wp-content\/uploads\/2021\/11\/Innen-Uebersicht-1024x642.jpg\" alt=\"\" srcset=\"https:\/\/singold-destillerie.de\/wp-content\/uploads\/2021\/11\/Innen-Uebersicht-1024x642.jpg 1024w, https:\/\/singold-destillerie.de\/wp-content\/uploads\/2021\/11\/Innen-Uebersicht-300x188.jpg 300w, https:\/\/singold-destillerie.de\/wp-content\/uploads\/2021\/11\/Innen-Uebersicht-768x482.jpg 768w, https:\/\/singold-destillerie.de\/wp-content\/uploads\/2021\/11\/Innen-Uebersicht-1536x964.jpg 1536w, https:\/\/singold-destillerie.de\/wp-content\/uploads\/2021\/11\/Innen-Uebersicht-640x402.jpg 640w, https:\/\/singold-destillerie.de\/wp-content\/uploads\/2021\/11\/Innen-Uebersicht-1280x803.jpg 1280w, https:\/\/singold-destillerie.de\/wp-content\/uploads\/2021\/11\/Innen-Uebersicht-800x502.jpg 800w, https:\/\/singold-destillerie.de\/wp-content\/uploads\/2021\/11\/Innen-Uebersicht-150x94.jpg 150w, https:\/\/singold-destillerie.de\/wp-content\/uploads\/2021\/11\/Innen-Uebersicht.jpg 1900w\" sizes=\"auto, (max-width: 1024px) 100vw, 1024px\" \/><\/figure>&#13;\n\r\n\r\n&#13;\n<figure class=\"wp-block-image size-large\"><img loading=\"lazy\" decoding=\"async\" width=\"1024\" height=\"575\" data-id=\"20596\" class=\"wp-image-20596\" src=\"https:\/\/singold-destillerie.de\/wp-content\/uploads\/2021\/02\/WhatsApp-Image-2021-02-03-at-15.23.57-1024x575.jpeg\" alt=\"\" srcset=\"https:\/\/singold-destillerie.de\/wp-content\/uploads\/2021\/02\/WhatsApp-Image-2021-02-03-at-15.23.57-1024x575.jpeg 1024w, https:\/\/singold-destillerie.de\/wp-content\/uploads\/2021\/02\/WhatsApp-Image-2021-02-03-at-15.23.57-300x169.jpeg 300w, https:\/\/singold-destillerie.de\/wp-content\/uploads\/2021\/02\/WhatsApp-Image-2021-02-03-at-15.23.57-768x432.jpeg 768w, https:\/\/singold-destillerie.de\/wp-content\/uploads\/2021\/02\/WhatsApp-Image-2021-02-03-at-15.23.57-1536x863.jpeg 1536w, https:\/\/singold-destillerie.de\/wp-content\/uploads\/2021\/02\/WhatsApp-Image-2021-02-03-at-15.23.57-640x360.jpeg 640w, https:\/\/singold-destillerie.de\/wp-content\/uploads\/2021\/02\/WhatsApp-Image-2021-02-03-at-15.23.57-1280x719.jpeg 1280w, https:\/\/singold-destillerie.de\/wp-content\/uploads\/2021\/02\/WhatsApp-Image-2021-02-03-at-15.23.57-800x450.jpeg 800w, https:\/\/singold-destillerie.de\/wp-content\/uploads\/2021\/02\/WhatsApp-Image-2021-02-03-at-15.23.57-150x84.jpeg 150w, https:\/\/singold-destillerie.de\/wp-content\/uploads\/2021\/02\/WhatsApp-Image-2021-02-03-at-15.23.57.jpeg 1600w\" sizes=\"auto, (max-width: 1024px) 100vw, 1024px\" \/><\/figure>&#13;\n<\/figure>\r\n\r\n<p>&nbsp;<\/p>\r\n<h2>Rum tasting in Augsburg &#8211; experience the exotic world of rums.<\/h2>\r\n<p>Rum Tasting in Augsburg \u2013 einem besonderen Erlebnis, bei dem Sie die exotische Welt der Rumsorten auf einzigartige Weise kennenlernen k\u00f6nnen. Unsere Rum-Experten nehmen Sie mit auf eine geschmackliche Reise durch verschiedene Rumsorten aus der ganzen Welt. Sie werden die Gelegenheit haben, die Vielfalt der Aromen und Geschmacksrichtungen zu erkunden, die Rum zu bieten hat. Erfahren Sie mehr \u00fcber die Herstellung, die Unterschiede zwischen den verschiedenen Rumsorten und die Bedeutung von Alterung und Destillation. Unsere Tasting-Veranstaltung bietet eine entspannte und angenehme Atmosph\u00e4re, in der Sie Ihr Wissen \u00fcber Rum vertiefen k\u00f6nnen, unabh\u00e4ngig davon, ob Sie bereits ein erfahrener Rum-Kenner sind oder sich erst am Anfang Ihrer Rum-Entdeckungsreise befinden. Tauchen Sie ein in die Welt der Rumsorten und genie\u00dfen Sie die Gesellschaft gleichgesinnter Rum-Liebhaber. Unser Rum Tasting in Augsburg verspricht nicht nur ein informatives Erlebnis, sondern auch eine Reise in die exotische Welt des Rums. Wir freuen uns darauf, Sie bei dieser einzigartigen Verkostung begr\u00fc\u00dfen zu d\u00fcrfen.<\/p>\r\n<p><\/div><\/div><\/div>\n<\/section> \n<section id=\"\" class=\"section bg-image bg-dark has-header bg-fixed text-center\" style=\"background-image: url(https:\/\/singold-destillerie.de\/wp-content\/uploads\/2017\/08\/fasskonfig-hintergrund-tisch_web.jpg);\">\n\n    <div class=\"container\"> <strong>Suchen Sie ihr ganz pers\u00f6nliches Whisky Erlebnis? <\/strong>Kontaktieren Sie uns pers\u00f6nlich oder besuchen Sie uns in Unserer Destillerie in Wehringen. <footer class=\"section-footer\"><a class=\"btn btn-default btn-lg\" href=\"http:\/\/singold-whisky.de\/kontakt\/\" role=\"button\">Kontakt<\/a><\/footer> <\/div>\n<\/section><\/p>","protected":false},"excerpt":{"rendered":"","protected":false},"author":27,"featured_media":0,"parent":0,"menu_order":0,"comment_status":"open","ping_status":"closed","template":"","meta":{"_acf_changed":false,"footnotes":""},"class_list":["post-23751","page","type-page","status-publish","hentry"],"acf":[],"yoast_head":"<!-- This site is optimized with the Yoast SEO plugin v27.2 - https:\/\/yoast.com\/product\/yoast-seo-wordpress\/ -->\n<title>Gin, Whisky &amp; Rum Tasting`s in Augsburg | Book events online \u2713<\/title>\n<meta name=\"description\" content=\"Discover unique gin, whisky and rum tasting events in Augsburg! Book online now and secure unforgettable pleasure experiences \u2713\" \/>\n<meta name=\"robots\" content=\"index, follow, max-snippet:-1, max-image-preview:large, max-video-preview:-1\" \/>\n<link rel=\"canonical\" href=\"https:\/\/singold-destillerie.de\/en\/gin-whisky-rum-tastings-in-augsburg-book-online-and-enjoy-%e2%9c%93\/\" \/>\n<meta property=\"og:locale\" content=\"en_US\" \/>\n<meta property=\"og:type\" content=\"article\" \/>\n<meta property=\"og:title\" content=\"Gin, Whisky &amp; Rum Tasting`s in Augsburg | Book events online \u2713\" \/>\n<meta property=\"og:description\" content=\"Discover unique gin, whisky and rum tasting events in Augsburg! Book online now and secure unforgettable pleasure experiences \u2713\" \/>\n<meta property=\"og:url\" content=\"https:\/\/singold-destillerie.de\/en\/gin-whisky-rum-tastings-in-augsburg-book-online-and-enjoy-%e2%9c%93\/\" \/>\n<meta property=\"og:site_name\" content=\"SinGold Destillerie\" \/>\n<meta property=\"article:publisher\" content=\"https:\/\/www.facebook.com\/SinGoldBrand\/\" \/>\n<meta property=\"article:modified_time\" content=\"2024-11-18T11:29:17+00:00\" \/>\n<meta property=\"og:image\" content=\"https:\/\/singold-destillerie.de\/wp-content\/uploads\/2019\/05\/Singold-166-e1557086574286-1024x683.jpg\" \/>\n\t<meta property=\"og:image:width\" content=\"1024\" \/>\n\t<meta property=\"og:image:height\" content=\"683\" \/>\n\t<meta property=\"og:image:type\" content=\"image\/jpeg\" \/>\n<meta name=\"twitter:card\" content=\"summary_large_image\" \/>\n<meta name=\"twitter:label1\" content=\"Est. reading time\" \/>\n\t<meta name=\"twitter:data1\" content=\"4 minutes\" \/>\n<script type=\"application\/ld+json\" class=\"yoast-schema-graph\">{\"@context\":\"https:\/\/schema.org\",\"@graph\":[{\"@type\":\"WebPage\",\"@id\":\"https:\/\/singold-destillerie.de\/en\/gin-whisky-rum-tastings-in-augsburg-book-online-and-enjoy-%e2%9c%93\/\",\"url\":\"https:\/\/singold-destillerie.de\/en\/gin-whisky-rum-tastings-in-augsburg-book-online-and-enjoy-%e2%9c%93\/\",\"name\":\"Gin, Whisky & Rum Tasting`s in Augsburg | Book events online \u2713\",\"isPartOf\":{\"@id\":\"https:\/\/singold-destillerie.de\/en\/#website\"},\"primaryImageOfPage\":{\"@id\":\"https:\/\/singold-destillerie.de\/en\/gin-whisky-rum-tastings-in-augsburg-book-online-and-enjoy-%e2%9c%93\/#primaryimage\"},\"image\":{\"@id\":\"https:\/\/singold-destillerie.de\/en\/gin-whisky-rum-tastings-in-augsburg-book-online-and-enjoy-%e2%9c%93\/#primaryimage\"},\"thumbnailUrl\":\"https:\/\/singold-destillerie.de\/wp-content\/uploads\/2024\/07\/VORSPEISE_1080.jpg\",\"datePublished\":\"2015-07-21T22:04:30+00:00\",\"dateModified\":\"2024-11-18T11:29:17+00:00\",\"description\":\"Discover unique gin, whisky and rum tasting events in Augsburg! Book online now and secure unforgettable pleasure experiences \u2713\",\"breadcrumb\":{\"@id\":\"https:\/\/singold-destillerie.de\/en\/gin-whisky-rum-tastings-in-augsburg-book-online-and-enjoy-%e2%9c%93\/#breadcrumb\"},\"inLanguage\":\"en-US\",\"potentialAction\":[{\"@type\":\"ReadAction\",\"target\":[\"https:\/\/singold-destillerie.de\/en\/gin-whisky-rum-tastings-in-augsburg-book-online-and-enjoy-%e2%9c%93\/\"]}]},{\"@type\":\"ImageObject\",\"inLanguage\":\"en-US\",\"@id\":\"https:\/\/singold-destillerie.de\/en\/gin-whisky-rum-tastings-in-augsburg-book-online-and-enjoy-%e2%9c%93\/#primaryimage\",\"url\":\"https:\/\/singold-destillerie.de\/wp-content\/uploads\/2024\/07\/VORSPEISE_1080.jpg\",\"contentUrl\":\"https:\/\/singold-destillerie.de\/wp-content\/uploads\/2024\/07\/VORSPEISE_1080.jpg\"},{\"@type\":\"BreadcrumbList\",\"@id\":\"https:\/\/singold-destillerie.de\/en\/gin-whisky-rum-tastings-in-augsburg-book-online-and-enjoy-%e2%9c%93\/#breadcrumb\",\"itemListElement\":[{\"@type\":\"ListItem\",\"position\":1,\"name\":\"Home\",\"item\":\"https:\/\/singold-destillerie.de\/en\/\"},{\"@type\":\"ListItem\",\"position\":2,\"name\":\"Gin, Whisky &amp; Rum Tasting&#8217;s in Augsburg &#8211; Book online and enjoy \u2713\"}]},{\"@type\":\"WebSite\",\"@id\":\"https:\/\/singold-destillerie.de\/en\/#website\",\"url\":\"https:\/\/singold-destillerie.de\/en\/\",\"name\":\"SinGold Destillerie\",\"description\":\"Ihr Spezialist f\u00fcr Whisky, Gin und Rum vor den Toren Augsburgs in Bayerisch-Schwaben\",\"publisher\":{\"@id\":\"https:\/\/singold-destillerie.de\/en\/#organization\"},\"potentialAction\":[{\"@type\":\"SearchAction\",\"target\":{\"@type\":\"EntryPoint\",\"urlTemplate\":\"https:\/\/singold-destillerie.de\/en\/?s={search_term_string}\"},\"query-input\":{\"@type\":\"PropertyValueSpecification\",\"valueRequired\":true,\"valueName\":\"search_term_string\"}}],\"inLanguage\":\"en-US\"},{\"@type\":\"Organization\",\"@id\":\"https:\/\/singold-destillerie.de\/en\/#organization\",\"name\":\"Singold Brand GmbH\",\"url\":\"https:\/\/singold-destillerie.de\/en\/\",\"logo\":{\"@type\":\"ImageObject\",\"inLanguage\":\"en-US\",\"@id\":\"https:\/\/singold-destillerie.de\/en\/#\/schema\/logo\/image\/\",\"url\":\"https:\/\/singold-destillerie.de\/wp-content\/uploads\/2019\/05\/singold-whisky-destillerie_transparent-small-e1558469792137.png\",\"contentUrl\":\"https:\/\/singold-destillerie.de\/wp-content\/uploads\/2019\/05\/singold-whisky-destillerie_transparent-small-e1558469792137.png\",\"width\":248,\"height\":125,\"caption\":\"Singold Brand GmbH\"},\"image\":{\"@id\":\"https:\/\/singold-destillerie.de\/en\/#\/schema\/logo\/image\/\"},\"sameAs\":[\"https:\/\/www.facebook.com\/SinGoldBrand\/\"]}]}<\/script>\n<!-- \/ Yoast SEO plugin. -->","yoast_head_json":{"title":"Gin, Whisky & Rum Tasting`s in Augsburg | Book events online \u2713","description":"Discover unique gin, whisky and rum tasting events in Augsburg! Book online now and secure unforgettable pleasure experiences \u2713","robots":{"index":"index","follow":"follow","max-snippet":"max-snippet:-1","max-image-preview":"max-image-preview:large","max-video-preview":"max-video-preview:-1"},"canonical":"https:\/\/singold-destillerie.de\/en\/gin-whisky-rum-tastings-in-augsburg-book-online-and-enjoy-%e2%9c%93\/","og_locale":"en_US","og_type":"article","og_title":"Gin, Whisky & Rum Tasting`s in Augsburg | Book events online \u2713","og_description":"Discover unique gin, whisky and rum tasting events in Augsburg! Book online now and secure unforgettable pleasure experiences \u2713","og_url":"https:\/\/singold-destillerie.de\/en\/gin-whisky-rum-tastings-in-augsburg-book-online-and-enjoy-%e2%9c%93\/","og_site_name":"SinGold Destillerie","article_publisher":"https:\/\/www.facebook.com\/SinGoldBrand\/","article_modified_time":"2024-11-18T11:29:17+00:00","og_image":[{"width":1024,"height":683,"url":"https:\/\/singold-destillerie.de\/wp-content\/uploads\/2019\/05\/Singold-166-e1557086574286-1024x683.jpg","type":"image\/jpeg"}],"twitter_card":"summary_large_image","twitter_misc":{"Est. reading time":"4 minutes"},"schema":{"@context":"https:\/\/schema.org","@graph":[{"@type":"WebPage","@id":"https:\/\/singold-destillerie.de\/en\/gin-whisky-rum-tastings-in-augsburg-book-online-and-enjoy-%e2%9c%93\/","url":"https:\/\/singold-destillerie.de\/en\/gin-whisky-rum-tastings-in-augsburg-book-online-and-enjoy-%e2%9c%93\/","name":"Gin, Whisky & Rum Tasting`s in Augsburg | Book events online \u2713","isPartOf":{"@id":"https:\/\/singold-destillerie.de\/en\/#website"},"primaryImageOfPage":{"@id":"https:\/\/singold-destillerie.de\/en\/gin-whisky-rum-tastings-in-augsburg-book-online-and-enjoy-%e2%9c%93\/#primaryimage"},"image":{"@id":"https:\/\/singold-destillerie.de\/en\/gin-whisky-rum-tastings-in-augsburg-book-online-and-enjoy-%e2%9c%93\/#primaryimage"},"thumbnailUrl":"https:\/\/singold-destillerie.de\/wp-content\/uploads\/2024\/07\/VORSPEISE_1080.jpg","datePublished":"2015-07-21T22:04:30+00:00","dateModified":"2024-11-18T11:29:17+00:00","description":"Discover unique gin, whisky and rum tasting events in Augsburg! Book online now and secure unforgettable pleasure experiences \u2713","breadcrumb":{"@id":"https:\/\/singold-destillerie.de\/en\/gin-whisky-rum-tastings-in-augsburg-book-online-and-enjoy-%e2%9c%93\/#breadcrumb"},"inLanguage":"en-US","potentialAction":[{"@type":"ReadAction","target":["https:\/\/singold-destillerie.de\/en\/gin-whisky-rum-tastings-in-augsburg-book-online-and-enjoy-%e2%9c%93\/"]}]},{"@type":"ImageObject","inLanguage":"en-US","@id":"https:\/\/singold-destillerie.de\/en\/gin-whisky-rum-tastings-in-augsburg-book-online-and-enjoy-%e2%9c%93\/#primaryimage","url":"https:\/\/singold-destillerie.de\/wp-content\/uploads\/2024\/07\/VORSPEISE_1080.jpg","contentUrl":"https:\/\/singold-destillerie.de\/wp-content\/uploads\/2024\/07\/VORSPEISE_1080.jpg"},{"@type":"BreadcrumbList","@id":"https:\/\/singold-destillerie.de\/en\/gin-whisky-rum-tastings-in-augsburg-book-online-and-enjoy-%e2%9c%93\/#breadcrumb","itemListElement":[{"@type":"ListItem","position":1,"name":"Home","item":"https:\/\/singold-destillerie.de\/en\/"},{"@type":"ListItem","position":2,"name":"Gin, Whisky &amp; Rum Tasting&#8217;s in Augsburg &#8211; Book online and enjoy \u2713"}]},{"@type":"WebSite","@id":"https:\/\/singold-destillerie.de\/en\/#website","url":"https:\/\/singold-destillerie.de\/en\/","name":"SinGold Destillerie","description":"Ihr Spezialist f\u00fcr Whisky, Gin und Rum vor den Toren Augsburgs in Bayerisch-Schwaben","publisher":{"@id":"https:\/\/singold-destillerie.de\/en\/#organization"},"potentialAction":[{"@type":"SearchAction","target":{"@type":"EntryPoint","urlTemplate":"https:\/\/singold-destillerie.de\/en\/?s={search_term_string}"},"query-input":{"@type":"PropertyValueSpecification","valueRequired":true,"valueName":"search_term_string"}}],"inLanguage":"en-US"},{"@type":"Organization","@id":"https:\/\/singold-destillerie.de\/en\/#organization","name":"Singold Brand GmbH","url":"https:\/\/singold-destillerie.de\/en\/","logo":{"@type":"ImageObject","inLanguage":"en-US","@id":"https:\/\/singold-destillerie.de\/en\/#\/schema\/logo\/image\/","url":"https:\/\/singold-destillerie.de\/wp-content\/uploads\/2019\/05\/singold-whisky-destillerie_transparent-small-e1558469792137.png","contentUrl":"https:\/\/singold-destillerie.de\/wp-content\/uploads\/2019\/05\/singold-whisky-destillerie_transparent-small-e1558469792137.png","width":248,"height":125,"caption":"Singold Brand GmbH"},"image":{"@id":"https:\/\/singold-destillerie.de\/en\/#\/schema\/logo\/image\/"},"sameAs":["https:\/\/www.facebook.com\/SinGoldBrand\/"]}]}},"_links":{"self":[{"href":"https:\/\/singold-destillerie.de\/en\/wp-json\/wp\/v2\/pages\/23751","targetHints":{"allow":["GET"]}}],"collection":[{"href":"https:\/\/singold-destillerie.de\/en\/wp-json\/wp\/v2\/pages"}],"about":[{"href":"https:\/\/singold-destillerie.de\/en\/wp-json\/wp\/v2\/types\/page"}],"author":[{"embeddable":true,"href":"https:\/\/singold-destillerie.de\/en\/wp-json\/wp\/v2\/users\/27"}],"replies":[{"embeddable":true,"href":"https:\/\/singold-destillerie.de\/en\/wp-json\/wp\/v2\/comments?post=23751"}],"version-history":[{"count":0,"href":"https:\/\/singold-destillerie.de\/en\/wp-json\/wp\/v2\/pages\/23751\/revisions"}],"wp:attachment":[{"href":"https:\/\/singold-destillerie.de\/en\/wp-json\/wp\/v2\/media?parent=23751"}],"curies":[{"name":"wp","href":"https:\/\/api.w.org\/{rel}","templated":true}]}}